{"id":354,"date":"2017-07-09T06:49:13","date_gmt":"2017-07-09T06:49:13","guid":{"rendered":"http:\/\/www.awonderfulchoice.com\/web\/?page_id=354"},"modified":"2021-08-12T14:35:28","modified_gmt":"2021-08-12T14:35:28","slug":"cache","status":"publish","type":"page","link":"http:\/\/www.awonderfulchoice.com\/web\/cache\/","title":{"rendered":"Cache"},"content":{"rendered":"<h1 style=\"text-align: left;\">Cach\u00e9 (M)<\/h1>\n<p style=\"text-align: left;\">Jon Elsom&#8217;s experience of Cach\u00e9 is in two parts, he originally trained and worked Cach\u00e9&#8217;s forerunner MUMPS during the late 1980&#8217;s with Hoskyns. Whilst there he was part of the MDM team, a group developing programming tools (such as screen builders and report generators) for other MUMPS developers.<\/p>\n<p style=\"text-align: left;\">He returned to Cach\u00e9 in the year 2000 to work with an estate agent internet startup who had chosen Cach\u00e9 as their database. Of particular interest here was the combination of Cach\u00e9 and Java (Cach\u00e9 being able to generate links to database classes in Java code). Whilst working in this environment Jon has improved his ObjectScript and been able to form astute choices when deciding on where to place processing and in what language to code.<\/p>\n<p style=\"text-align: left;\">Jon has also been able to provide remote support for clients in America. The coverage of Cach\u00e9 support being what it is, A Wonderful Choice is always happy to discuss the requirements of clients who have a legacy holding in this technology with a view to supporting and enhancing existing functionality in a cost-effective way.<\/p>\n<p><a href=\"http:\/\/www.awonderfulchoice.com\/web\/wp-content\/uploads\/2017\/07\/cache.jpg\"><img loading=\"lazy\" decoding=\"async\" class=\"size-medium wp-image-298 alignright\" src=\"http:\/\/www.awonderfulchoice.com\/web\/wp-content\/uploads\/2017\/07\/cache-300x172.jpg\" alt=\"\" width=\"300\" height=\"172\" srcset=\"http:\/\/www.awonderfulchoice.com\/web\/wp-content\/uploads\/2017\/07\/cache-300x172.jpg 300w, http:\/\/www.awonderfulchoice.com\/web\/wp-content\/uploads\/2017\/07\/cache.jpg 400w\" sizes=\"auto, (max-width: 300px) 100vw, 300px\" \/><\/a><\/p>\n<ul>\n<li style=\"text-align: left;\">Developed code generators in Cach\u00e9 for forms, reports and automated testing<\/li>\n<li style=\"text-align: left;\">Designed and implemented systems for insurance, real estate, energy and tourism sectors<\/li>\n<li style=\"text-align: left;\">Senior developer responsible for data model and function hierarchy analysis<\/li>\n<li style=\"text-align: left;\">Extensive experience in Java with\u00a0Cach\u00e9<\/li>\n<\/ul>\n","protected":false},"excerpt":{"rendered":"<p>Cach\u00e9 (M) Jon Elsom&#8217;s experience of Cach\u00e9 is in two parts, he originally trained and worked Cach\u00e9&#8217;s forerunner MUMPS during the late 1980&#8217;s with Hoskyns. Whilst there he was part of the MDM team, a group developing programming tools (such as screen builders and report generators) for other MUMPS developers. He returned to Cach\u00e9 in [&hellip;]<\/p>\n","protected":false},"author":1,"featured_media":0,"parent":0,"menu_order":0,"comment_status":"closed","ping_status":"closed","template":"","meta":{"footnotes":""},"class_list":["post-354","page","type-page","status-publish","hentry"],"_links":{"self":[{"href":"http:\/\/www.awonderfulchoice.com\/web\/wp-json\/wp\/v2\/pages\/354","targetHints":{"allow":["GET"]}}],"collection":[{"href":"http:\/\/www.awonderfulchoice.com\/web\/wp-json\/wp\/v2\/pages"}],"about":[{"href":"http:\/\/www.awonderfulchoice.com\/web\/wp-json\/wp\/v2\/types\/page"}],"author":[{"embeddable":true,"href":"http:\/\/www.awonderfulchoice.com\/web\/wp-json\/wp\/v2\/users\/1"}],"replies":[{"embeddable":true,"href":"http:\/\/www.awonderfulchoice.com\/web\/wp-json\/wp\/v2\/comments?post=354"}],"version-history":[{"count":4,"href":"http:\/\/www.awonderfulchoice.com\/web\/wp-json\/wp\/v2\/pages\/354\/revisions"}],"predecessor-version":[{"id":784,"href":"http:\/\/www.awonderfulchoice.com\/web\/wp-json\/wp\/v2\/pages\/354\/revisions\/784"}],"wp:attachment":[{"href":"http:\/\/www.awonderfulchoice.com\/web\/wp-json\/wp\/v2\/media?parent=354"}],"curies":[{"name":"wp","href":"https:\/\/api.w.org\/{rel}","templated":true}]}}